{"id":12,"date":"2013-06-23T19:37:41","date_gmt":"2013-06-23T17:37:41","guid":{"rendered":"http:\/\/blog.pfadfinder-kuppenheim.de\/?page_id=12"},"modified":"2023-11-20T23:53:38","modified_gmt":"2023-11-20T22:53:38","slug":"jupfis","status":"publish","type":"page","link":"https:\/\/pfadfinder-kuppenheim.de\/?page_id=12","title":{"rendered":"Jupfis"},"content":{"rendered":"\n<div class=\"wp-block-cover is-light has-custom-content-position is-position-bottom-center\" style=\"min-height:196px;aspect-ratio:unset;\"><span aria-hidden=\"true\" class=\"wp-block-cover__background has-background-dim-0 has-background-dim\"><\/span><img data-recalc-dims=\"1\" loading=\"lazy\" decoding=\"async\" width=\"1024\" height=\"287\" class=\"wp-block-cover__image-background wp-image-8373\" alt=\"\" src=\"https:\/\/i0.wp.com\/blog.pfadfinder-kuppenheim.de\/wp-content\/uploads\/2021\/11\/homepage-Lagerplatz-1024x287.jpg?resize=1024%2C287\" style=\"object-position:43% 38%\" data-object-fit=\"cover\" data-object-position=\"43% 38%\" srcset=\"https:\/\/i0.wp.com\/pfadfinder-kuppenheim.de\/wp-content\/uploads\/2021\/11\/homepage-Lagerplatz-scaled.jpg?resize=1024%2C287&amp;ssl=1 1024w, https:\/\/i0.wp.com\/pfadfinder-kuppenheim.de\/wp-content\/uploads\/2021\/11\/homepage-Lagerplatz-scaled.jpg?resize=300%2C84&amp;ssl=1 300w, https:\/\/i0.wp.com\/pfadfinder-kuppenheim.de\/wp-content\/uploads\/2021\/11\/homepage-Lagerplatz-scaled.jpg?resize=768%2C215&amp;ssl=1 768w, https:\/\/i0.wp.com\/pfadfinder-kuppenheim.de\/wp-content\/uploads\/2021\/11\/homepage-Lagerplatz-scaled.jpg?resize=1536%2C431&amp;ssl=1 1536w, https:\/\/i0.wp.com\/pfadfinder-kuppenheim.de\/wp-content\/uploads\/2021\/11\/homepage-Lagerplatz-scaled.jpg?resize=2048%2C574&amp;ssl=1 2048w, https:\/\/i0.wp.com\/pfadfinder-kuppenheim.de\/wp-content\/uploads\/2021\/11\/homepage-Lagerplatz-scaled.jpg?resize=750%2C210&amp;ssl=1 750w, https:\/\/i0.wp.com\/pfadfinder-kuppenheim.de\/wp-content\/uploads\/2021\/11\/homepage-Lagerplatz-scaled.jpg?w=2400&amp;ssl=1 2400w\" sizes=\"auto, (max-width: 1024px) 100vw, 1024px\" \/><div class=\"wp-block-cover__inner-container is-layout-flow wp-block-cover-is-layout-flow\">\n<h2 class=\"wp-block-heading has-text-align-center has-nv-site-bg-color has-text-color has-large-font-size\">Willkommen bei den Jungpfadfindern<\/h2>\n<\/div><\/div>\n\n\n\n<p><\/p>\n\n\n\n<h5 class=\"wp-block-heading has-pale-cyan-blue-background-color has-background\"><strong>Was machen wir?<\/strong><\/h5>\n\n\n\n<p><\/p>\n\n\n\n<p><span style=\"text-decoration: underline;\">Links zu unseren Aktionen:<\/span><br>Berichte und Blogbeitr\u00e4ge \u00fcber Truppstunden, Zeltlager und andere Aktionen: <a href=\"http:\/\/blog.pfadfinder-kuppenheim.de\/?page_id=8629\" data-type=\"URL\">jupfi-blog<\/a><br>Selbstgeschriebene Berichte \u00fcber die Sommerlager: <a href=\"http:\/\/blog.pfadfinder-kuppenheim.de\/?cat=12\" data-type=\"category\" data-id=\"12\">Jupfis Sola Tagebuch<\/a><br>Witzige Ereignisse von der Lagermaus: <a href=\"http:\/\/blog.pfadfinder-kuppenheim.de\/?cat=16\">Jupfis-Lagermaus<\/a><\/p>\n\n\n\n<h5 class=\"wp-block-heading has-pale-cyan-blue-background-color has-background\"><strong>Wer sind wir?<\/strong><\/h5>\n\n\n<div class=\"wp-block-image\">\n<figure class=\"aligncenter size-large\"><img data-recalc-dims=\"1\" loading=\"lazy\" decoding=\"async\" width=\"1200\" height=\"675\" src=\"https:\/\/i0.wp.com\/pfadfinder-kuppenheim.de\/wp-content\/uploads\/2023\/11\/jupfitrupp_2023-11-edited-scaled.jpeg?resize=1200%2C675&#038;ssl=1\" alt=\"\" class=\"wp-image-12075\" srcset=\"https:\/\/i0.wp.com\/pfadfinder-kuppenheim.de\/wp-content\/uploads\/2023\/11\/jupfitrupp_2023-11-edited-scaled.jpeg?w=2560&amp;ssl=1 2560w, https:\/\/i0.wp.com\/pfadfinder-kuppenheim.de\/wp-content\/uploads\/2023\/11\/jupfitrupp_2023-11-edited-scaled.jpeg?resize=300%2C169&amp;ssl=1 300w, https:\/\/i0.wp.com\/pfadfinder-kuppenheim.de\/wp-content\/uploads\/2023\/11\/jupfitrupp_2023-11-edited-scaled.jpeg?resize=1024%2C576&amp;ssl=1 1024w, https:\/\/i0.wp.com\/pfadfinder-kuppenheim.de\/wp-content\/uploads\/2023\/11\/jupfitrupp_2023-11-edited-scaled.jpeg?resize=768%2C432&amp;ssl=1 768w, https:\/\/i0.wp.com\/pfadfinder-kuppenheim.de\/wp-content\/uploads\/2023\/11\/jupfitrupp_2023-11-edited-scaled.jpeg?resize=1536%2C864&amp;ssl=1 1536w, https:\/\/i0.wp.com\/pfadfinder-kuppenheim.de\/wp-content\/uploads\/2023\/11\/jupfitrupp_2023-11-edited-scaled.jpeg?resize=2048%2C1152&amp;ssl=1 2048w, https:\/\/i0.wp.com\/pfadfinder-kuppenheim.de\/wp-content\/uploads\/2023\/11\/jupfitrupp_2023-11-edited-scaled.jpeg?w=2400&amp;ssl=1 2400w\" sizes=\"auto, (max-width: 1200px) 100vw, 1200px\" \/><\/figure>\n<\/div>\n\n\n<p>Wir sind der Jungpfadfindertrupp vom DPSG Stamm St. Sebastian Kuppenheim. Die Jungpfadfinder bilden nach den W\u00f6lflingen die zweite Stufe und sind f\u00fcr Kinder im Alter von 10 bis 13 Jahren. Das Markenzeichen der Jungpfadfinderstufe ist der Jupfi-Kobold.<\/p>\n\n\n\n<p><span style=\"text-decoration: underline;\">Das Leitungsteam:<\/span><br>Aktuell besteht das Leitungsteam der Jungpfadfinder aus 5 Personen. Diese sind Jo\u00eblle R\u00f6sner, Frauke Herm, Kerstin Westermann, Marcel Moosmann und Silas Rei\u00df.<\/p>\n\n\n\n<div class=\"wp-block-jetpack-tiled-gallery aligncenter is-style-rectangular\"><div class=\"tiled-gallery__gallery\"><div class=\"tiled-gallery__row\"><div class=\"tiled-gallery__col\" style=\"flex-basis:33.26127%\"><figure class=\"tiled-gallery__item\"><img decoding=\"async\" srcset=\"https:\/\/i0.wp.com\/blog.pfadfinder-kuppenheim.de\/wp-content\/uploads\/2021\/11\/homepage-kobold-670x1024.jpg?strip=info&#038;w=600 600w,https:\/\/i0.wp.com\/blog.pfadfinder-kuppenheim.de\/wp-content\/uploads\/2021\/11\/homepage-kobold-670x1024.jpg?strip=info&#038;w=854 854w\" alt=\"\" data-height=\"1306\" data-id=\"8377\" data-link=\"http:\/\/blog.pfadfinder-kuppenheim.de\/?attachment_id=8377\" data-url=\"http:\/\/blog.pfadfinder-kuppenheim.de\/wp-content\/uploads\/2021\/11\/homepage-kobold-670x1024.jpg\" data-width=\"854\" src=\"https:\/\/i0.wp.com\/blog.pfadfinder-kuppenheim.de\/wp-content\/uploads\/2021\/11\/homepage-kobold-670x1024.jpg\" data-amp-layout=\"responsive\"\/><\/figure><\/div><div class=\"tiled-gallery__col\" style=\"flex-basis:66.73873%\"><figure class=\"tiled-gallery__item\"><img decoding=\"async\" srcset=\"https:\/\/i0.wp.com\/blog.pfadfinder-kuppenheim.de\/wp-content\/uploads\/2022\/08\/leiter2-sola-2022-1024x779.jpg?strip=info&#038;w=600 600w,https:\/\/i0.wp.com\/blog.pfadfinder-kuppenheim.de\/wp-content\/uploads\/2022\/08\/leiter2-sola-2022-1024x779.jpg?strip=info&#038;w=900 900w,https:\/\/i0.wp.com\/blog.pfadfinder-kuppenheim.de\/wp-content\/uploads\/2022\/08\/leiter2-sola-2022-1024x779.jpg?strip=info&#038;w=1200 1200w,https:\/\/i0.wp.com\/blog.pfadfinder-kuppenheim.de\/wp-content\/uploads\/2022\/08\/leiter2-sola-2022-1024x779.jpg?strip=info&#038;w=1500 1500w,https:\/\/i0.wp.com\/blog.pfadfinder-kuppenheim.de\/wp-content\/uploads\/2022\/08\/leiter2-sola-2022-1024x779.jpg?strip=info&#038;w=1800 1800w,https:\/\/i0.wp.com\/blog.pfadfinder-kuppenheim.de\/wp-content\/uploads\/2022\/08\/leiter2-sola-2022-1024x779.jpg?strip=info&#038;w=2000 2000w\" alt=\"\" data-height=\"1692\" data-id=\"10035\" data-link=\"http:\/\/blog.pfadfinder-kuppenheim.de\/?attachment_id=10035\" data-url=\"http:\/\/blog.pfadfinder-kuppenheim.de\/wp-content\/uploads\/2022\/08\/leiter2-sola-2022-1024x779.jpg\" data-width=\"2224\" src=\"https:\/\/i0.wp.com\/blog.pfadfinder-kuppenheim.de\/wp-content\/uploads\/2022\/08\/leiter2-sola-2022-1024x779.jpg\" data-amp-layout=\"responsive\"\/><\/figure><\/div><\/div><\/div><\/div>\n\n\n\n<h5 class=\"wp-block-heading has-pale-cyan-blue-background-color has-background\"><strong>Bist du wild auf Abenteuer?<\/strong><\/h5>\n\n\n\n<p>Wenn du Interesse hast, melde dich gerne bei der E-Mail Adresse <a href=\"mailto:leiter%jupfis.kuppenheim@gmx.de\" target=\"_blank\" rel=\"noreferrer noopener\">leiter%jupfis.kuppenheim@gmx.de<\/a>. Unsere w\u00f6chentlichen Truppstunden finden immer dienstags von 18:00 bis 20:00 Uhr statt.<\/p>\n\n\n\n<div class=\"wp-block-cover alignfull is-light\" style=\"min-height:375px;aspect-ratio:unset;\"><span aria-hidden=\"true\" class=\"wp-block-cover__background has-background-dim-0 has-background-dim\"><\/span><img data-recalc-dims=\"1\" loading=\"lazy\" decoding=\"async\" width=\"1024\" height=\"314\" class=\"wp-block-cover__image-background wp-image-10358\" alt=\"\" src=\"https:\/\/i0.wp.com\/pfadfinder-kuppenheim.de\/wp-content\/uploads\/2023\/01\/footer_background.jpg?resize=1024%2C314&#038;ssl=1\" style=\"object-position:50% 62%\" data-object-fit=\"cover\" data-object-position=\"50% 62%\" srcset=\"https:\/\/i0.wp.com\/pfadfinder-kuppenheim.de\/wp-content\/uploads\/2023\/01\/footer_background.jpg?resize=1024%2C314&amp;ssl=1 1024w, https:\/\/i0.wp.com\/pfadfinder-kuppenheim.de\/wp-content\/uploads\/2023\/01\/footer_background.jpg?resize=300%2C92&amp;ssl=1 300w, https:\/\/i0.wp.com\/pfadfinder-kuppenheim.de\/wp-content\/uploads\/2023\/01\/footer_background.jpg?resize=768%2C235&amp;ssl=1 768w, https:\/\/i0.wp.com\/pfadfinder-kuppenheim.de\/wp-content\/uploads\/2023\/01\/footer_background.jpg?resize=1536%2C470&amp;ssl=1 1536w, https:\/\/i0.wp.com\/pfadfinder-kuppenheim.de\/wp-content\/uploads\/2023\/01\/footer_background.jpg?w=1920&amp;ssl=1 1920w\" sizes=\"auto, (max-width: 1024px) 100vw, 1024px\" \/><div class=\"wp-block-cover__inner-container is-layout-flow wp-block-cover-is-layout-flow\">\n<p class=\"has-text-align-center has-large-font-size\"><\/p>\n<\/div><\/div>\n","protected":false},"excerpt":{"rendered":"<p>Was machen wir? Links zu unseren Aktionen:Berichte und Blogbeitr\u00e4ge \u00fcber Truppstunden, Zeltlager und andere Aktionen: jupfi-blogSelbstgeschriebene Berichte \u00fcber die Sommerlager: Jupfis Sola TagebuchWitzige Ereignisse von der Lagermaus: Jupfis-Lagermaus Wer sind wir? Wir sind der Jungpfadfindertrupp vom DPSG Stamm St. Sebastian Kuppenheim. Die Jungpfadfinder bilden nach den W\u00f6lflingen die zweite Stufe und sind f\u00fcr Kinder im&hellip;&nbsp;<a href=\"https:\/\/pfadfinder-kuppenheim.de\/?page_id=12\" class=\"\" rel=\"bookmark\">Weiterlesen &raquo;<span class=\"screen-reader-text\">Jupfis<\/span><\/a><\/p>\n","protected":false},"author":13,"featured_media":0,"parent":0,"menu_order":0,"comment_status":"closed","ping_status":"closed","template":"","meta":{"neve_meta_sidebar":"","neve_meta_container":"","neve_meta_enable_content_width":"","neve_meta_content_width":0,"neve_meta_title_alignment":"","neve_meta_author_avatar":"","neve_post_elements_order":"","neve_meta_disable_header":"","neve_meta_disable_footer":"","neve_meta_disable_title":"","jetpack_post_was_ever_published":false,"footnotes":""},"class_list":["post-12","page","type-page","status-publish","hentry"],"jetpack_sharing_enabled":true,"jetpack_shortlink":"https:\/\/wp.me\/P3G0PZ-c","_links":{"self":[{"href":"https:\/\/pfadfinder-kuppenheim.de\/index.php?rest_route=\/wp\/v2\/pages\/12","targetHints":{"allow":["GET"]}}],"collection":[{"href":"https:\/\/pfadfinder-kuppenheim.de\/index.php?rest_route=\/wp\/v2\/pages"}],"about":[{"href":"https:\/\/pfadfinder-kuppenheim.de\/index.php?rest_route=\/wp\/v2\/types\/page"}],"author":[{"embeddable":true,"href":"https:\/\/pfadfinder-kuppenheim.de\/index.php?rest_route=\/wp\/v2\/users\/13"}],"replies":[{"embeddable":true,"href":"https:\/\/pfadfinder-kuppenheim.de\/index.php?rest_route=%2Fwp%2Fv2%2Fcomments&post=12"}],"version-history":[{"count":27,"href":"https:\/\/pfadfinder-kuppenheim.de\/index.php?rest_route=\/wp\/v2\/pages\/12\/revisions"}],"predecessor-version":[{"id":12077,"href":"https:\/\/pfadfinder-kuppenheim.de\/index.php?rest_route=\/wp\/v2\/pages\/12\/revisions\/12077"}],"wp:attachment":[{"href":"https:\/\/pfadfinder-kuppenheim.de\/index.php?rest_route=%2Fwp%2Fv2%2Fmedia&parent=12"}],"curies":[{"name":"wp","href":"https:\/\/api.w.org\/{rel}","templated":true}]}}